{"id":1029,"date":"2023-03-29T07:46:27","date_gmt":"2023-03-29T10:46:27","guid":{"rendered":"https:\/\/belleskin.com.br\/?page_id=1029"},"modified":"2023-04-03T12:03:17","modified_gmt":"2023-04-03T15:03:17","slug":"termos-e-condicoes","status":"publish","type":"page","link":"https:\/\/belleskin.com.br\/index.php\/termos-e-condicoes\/","title":{"rendered":"Termos e condi\u00e7\u00f5es"},"content":{"rendered":"\t\t<div data-elementor-type=\"wp-page\" data-elementor-id=\"1029\" class=\"elementor elementor-1029\">\n\t\t\t\t\t\t<section class=\"elementor-section elementor-top-section elementor-element elementor-element-cd12a94 elementor-section-content-middle envato-kit-141-top-0 elementor-section-boxed elementor-section-height-default elementor-section-height-default\" data-id=\"cd12a94\" data-element_type=\"section\" data-settings=\"{&quot;background_background&quot;:&quot;classic&quot;}\">\n\t\t\t\t\t\t<div class=\"elementor-container elementor-column-gap-default\">\n\t\t\t\t\t<div class=\"elementor-column elementor-col-33 elementor-top-column elementor-element elementor-element-25019e7f\" data-id=\"25019e7f\" data-element_type=\"column\">\n\t\t\t<div class=\"elementor-widget-wrap elementor-element-populated\">\n\t\t\t\t\t\t<div class=\"elementor-element elementor-element-4f923a94 elementor-widget elementor-widget-image\" data-id=\"4f923a94\" data-element_type=\"widget\" data-widget_type=\"image.default\">\n\t\t\t\t<div class=\"elementor-widget-container\">\n\t\t\t\t\t\t\t\t\t\t\t\t\t\t\t<img decoding=\"async\" width=\"149\" height=\"70\" src=\"https:\/\/belleskin.com.br\/wp-content\/uploads\/2023\/03\/logo-belle-skin-branca.png\" class=\"attachment-large size-large wp-image-1036\" alt=\"\" \/>\t\t\t\t\t\t\t\t\t\t\t\t\t\t\t<\/div>\n\t\t\t\t<\/div>\n\t\t\t\t\t<\/div>\n\t\t<\/div>\n\t\t\t\t<div class=\"elementor-column elementor-col-33 elementor-top-column elementor-element elementor-element-71b3c9ec\" data-id=\"71b3c9ec\" data-element_type=\"column\">\n\t\t\t<div class=\"elementor-widget-wrap\">\n\t\t\t\t\t\t\t<\/div>\n\t\t<\/div>\n\t\t\t\t<div class=\"elementor-column elementor-col-33 elementor-top-column elementor-element elementor-element-2ddb4501\" data-id=\"2ddb4501\" data-element_type=\"column\">\n\t\t\t<div class=\"elementor-widget-wrap elementor-element-populated\">\n\t\t\t\t\t\t<section class=\"elementor-section elementor-inner-section elementor-element elementor-element-376ac222 elementor-section-boxed elementor-section-height-default elementor-section-height-default\" data-id=\"376ac222\" data-element_type=\"section\">\n\t\t\t\t\t\t<div class=\"elementor-container elementor-column-gap-no\">\n\t\t\t\t\t<div class=\"elementor-column elementor-col-50 elementor-inner-column elementor-element elementor-element-2c8e5551\" data-id=\"2c8e5551\" data-element_type=\"column\">\n\t\t\t<div class=\"elementor-widget-wrap\">\n\t\t\t\t\t\t\t<\/div>\n\t\t<\/div>\n\t\t\t\t<div class=\"elementor-column elementor-col-50 elementor-inner-column elementor-element elementor-element-a0b69e3\" data-id=\"a0b69e3\" data-element_type=\"column\">\n\t\t\t<div class=\"elementor-widget-wrap\">\n\t\t\t\t\t\t\t<\/div>\n\t\t<\/div>\n\t\t\t\t\t<\/div>\n\t\t<\/section>\n\t\t\t\t\t<\/div>\n\t\t<\/div>\n\t\t\t\t\t<\/div>\n\t\t<\/section>\n\t\t\t\t<section class=\"elementor-section elementor-top-section elementor-element elementor-element-e9a7abd elementor-section-boxed elementor-section-height-default elementor-section-height-default\" data-id=\"e9a7abd\" data-element_type=\"section\">\n\t\t\t\t\t\t<div class=\"elementor-container elementor-column-gap-default\">\n\t\t\t\t\t<div class=\"elementor-column elementor-col-50 elementor-top-column elementor-element elementor-element-941f6fc\" data-id=\"941f6fc\" data-element_type=\"column\">\n\t\t\t<div class=\"elementor-widget-wrap elementor-element-populated\">\n\t\t\t\t\t\t<div class=\"elementor-element elementor-element-d7d0581 elementor-widget elementor-widget-heading\" data-id=\"d7d0581\" data-element_type=\"widget\" data-widget_type=\"heading.default\">\n\t\t\t\t<div class=\"elementor-widget-container\">\n\t\t\t\t\t<h2 class=\"elementor-heading-title elementor-size-default\">TERMOS DE USO\n<\/h2>\t\t\t\t<\/div>\n\t\t\t\t<\/div>\n\t\t\t\t<div class=\"elementor-element elementor-element-1da0613 elementor-widget elementor-widget-text-editor\" data-id=\"1da0613\" data-element_type=\"widget\" data-widget_type=\"text-editor.default\">\n\t\t\t\t<div class=\"elementor-widget-container\">\n\t\t\t\t\t\t\t\t\t<div class=\"col-md-6 col-lg-6 col-sm-6\">\n<p>Esta p\u00e1gina de vendas \u00e9 oferecida ao usu\u00e1rio, condicionado \u00e0 aceita\u00e7\u00e3o dos termos, condi\u00e7\u00f5es e avisos contidos aqui e sem modifica\u00e7\u00f5es. O respons\u00e1vel pela mesma poder\u00e1 modificar o conte\u00fado ou formato deste ou acabar com a sua opera\u00e7\u00e3o ou suas ferramentas a seu crit\u00e9rio \u00fanico e sem aviso pr\u00e9vio. Os links apontados n\u00e3o est\u00e3o sob o controle desta p\u00e1gina de vendas, que se torna n\u00e3o respons\u00e1vel pelo conte\u00fado de qualquer outro website indicado ou acessado por meio deste e reserva-se o direito de eliminar qualquer conte\u00fado sem aviso pr\u00e9vio. O acesso do usu\u00e1rio e o uso desta p\u00e1gina de vendas constitui aceita\u00e7\u00e3o de todos os termos e condi\u00e7\u00f5es abaixo:&nbsp;<\/p><p><b>NAVEGA\u00c7\u00c3O:<\/b> O visitante poder\u00e1 usar este site apenas para finalidades l\u00edcitas. Este espa\u00e7o n\u00e3o poder\u00e1 ser utilizado para publicar, enviar, distribuir ou divulgar conte\u00fado ou informa\u00e7\u00e3o de car\u00e1ter difamat\u00f3rio, obsceno ou il\u00edcito, inclusive informa\u00e7\u00f5es de propriedade exclusiva pertencentes a outras pessoas ou empresas, bem como marcas registradas ou informa\u00e7\u00f5es protegidas por direitos autorais, sem a expressa autoriza\u00e7\u00e3o do detentor desses direitos. O site poder\u00e1, mas n\u00e3o \u00e9 obrigado, a monitorar, revistar e restringir o acesso a qualquer \u00e1rea no site, em especial, onde usu\u00e1rios transmitem e trocam informa\u00e7\u00f5es entre si, incluindo, mas n\u00e3o limitado a salas de chat, centro de mensagens ou outros f\u00f3runs de debates.<\/p><p><b>LOGIN E SENHA:<\/b> \u00c0s \u00e1reas de acesso com login e senha s\u00e3o restritas a pessoas com autoriza\u00e7\u00e3o pr\u00e9via. Cada usu\u00e1rio autorizado \u00e9 respons\u00e1vel por seus dados e pela seguran\u00e7a dos mesmos. O site n\u00e3o se responsabiliza pelo uso indevido das informa\u00e7\u00f5es. O usu\u00e1rio \u00e9 ainda respons\u00e1vel pela veracidade das informa\u00e7\u00f5es prestadas, que devem ser exatas, atuais e completas, e dever\u00e3o ser mantidas atualizadas durante a sua perman\u00eancia no site.<b>&nbsp;<\/b><\/p><p><b>ISEN\u00c7\u00c3O DE RESPONSABILIDADE:<\/b> O site empenha-se em manter a qualidade, atualidade e autenticidade das informa\u00e7\u00f5es, mas n\u00e3o se responsabiliza por eventuais falhas nos servi\u00e7os ou inexatid\u00e3o das informa\u00e7\u00f5es oferecidas. Reserva-se o direito de alterar as condi\u00e7\u00f5es de uso, informa\u00e7\u00f5es ou pre\u00e7os dos produtos oferecidos no site a qualquer momento, sem aviso pr\u00e9vio. O usu\u00e1rio aceita e declara compreender que, em raz\u00e3o do peculiar ambiente da Internet, este site n\u00e3o poder\u00e1 garantir que o acesso seja livre de erros ou problemas decorrentes de casos fortuitos, internos ou externos, casos de for\u00e7a maior ou ainda de outros casos n\u00e3o inteiramente sujeitos a controle direto dos administradores do site, e portanto o usu\u00e1rio se obriga a isentar o mesmo de quaisquer reclama\u00e7\u00f5es ou indeniza\u00e7\u00f5es. Nesse sentido, o site tamb\u00e9m n\u00e3o se responsabiliza por interrup\u00e7\u00f5es, intercepta\u00e7\u00f5es, invas\u00f5es, dissemina\u00e7\u00e3o de v\u00edrus ou outros atos il\u00edcitos, t\u00edpicos e at\u00edpicos de ambiente virtual, e de web, dos quais o site n\u00e3o tenha tido inten\u00e7\u00e3o deliberada de participar ou praticar.&nbsp;<\/p><p><b>LIMITA\u00c7\u00c3O DE RESPONSABILIDADE:<\/b> Esta p\u00e1gina n\u00e3o est\u00e1 sob o controle do conte\u00fado de qualquer outro website indicado ou acessado por meio deste e reserva-se o direito de eliminar o link ou direcionamento a qualquer momento, sem aviso pr\u00e9vio. DIREITOS&nbsp;<\/p><p><b>AUTORAIS E PROPRIEDADE INTELECTUAL:<\/b> As informa\u00e7\u00f5es, conte\u00fados e cria\u00e7\u00f5es desta p\u00e1gina de vendas pertencem aos seus criadores e colaboradores. N\u00e3o podem ser copiados, reproduzidos, modificados, publicados, atualizados, postados, transmitidos ou distribu\u00eddos de qualquer maneira sem autoriza\u00e7\u00e3o pr\u00e9via. As imagens e v\u00eddeos contidos neste website s\u00e3o aqui incorporadas apenas para fins de visualiza\u00e7\u00e3o, e compreens\u00e3o do produto. O nome do produto, r\u00f3tulo, o nome de dom\u00ednio para acesso na Internet, bem como todos os elementos caracter\u00edsticos da tecnologia desenvolvida e aqui apresentada, sob a forma da articula\u00e7\u00e3o de bases de dados, constitui marcas registradas e propriedades intelectuais privadas e todos os direitos decorrentes de seu registro s\u00e3o assegurados por lei. As marcas registradas s\u00f3 podem ser usadas publicamente com autoriza\u00e7\u00e3o expressa. Toda e qualquer viola\u00e7\u00e3o de direitos autorais dever\u00e1 ser notificada ao suporte do produto, descrito abaixo da p\u00e1gina de vendas.<b>&nbsp;<\/b><\/p><p><b>LEIS APLIC\u00c1VEIS:<\/b> O acesso ao site \u00e9 proibido em territ\u00f3rios onde o conte\u00fado seja considerado ilegal. Aqueles que optarem por acessar este site a partir de outras localidades o far\u00e3o por iniciativa pr\u00f3pria e ser\u00e3o respons\u00e1veis pelo cumprimento das leis locais aplic\u00e1veis. Os materiais n\u00e3o dever\u00e3o ser usados ou exportados em descumprimento das leis brasileiras sobre exporta\u00e7\u00e3o. Qualquer pend\u00eancia com rela\u00e7\u00e3o aos materiais ser\u00e1 avaliada diante das leis brasileiras. O acesso e uso a este site representa a aceita\u00e7\u00e3o expressa e irrestrita dos<\/p>\n<\/div>\n<div class=\"col-md-6 col-lg-6 col-sm-6\">&nbsp;<\/div>\t\t\t\t\t\t\t\t<\/div>\n\t\t\t\t<\/div>\n\t\t\t\t\t<\/div>\n\t\t<\/div>\n\t\t\t\t<div class=\"elementor-column elementor-col-50 elementor-top-column elementor-element elementor-element-7ffe7ea\" data-id=\"7ffe7ea\" data-element_type=\"column\">\n\t\t\t<div class=\"elementor-widget-wrap elementor-element-populated\">\n\t\t\t\t\t\t<div class=\"elementor-element elementor-element-820fb5e elementor-widget elementor-widget-image\" data-id=\"820fb5e\" data-element_type=\"widget\" data-widget_type=\"image.default\">\n\t\t\t\t<div class=\"elementor-widget-container\">\n\t\t\t\t\t\t\t\t\t\t\t\t\t\t\t<img fetchpriority=\"high\" decoding=\"async\" width=\"654\" height=\"707\" src=\"https:\/\/belleskin.com.br\/wp-content\/uploads\/2023\/03\/Pote-sobre-nos.png\" class=\"attachment-large size-large wp-image-718\" alt=\"\" srcset=\"https:\/\/belleskin.com.br\/wp-content\/uploads\/2023\/03\/Pote-sobre-nos.png 654w, https:\/\/belleskin.com.br\/wp-content\/uploads\/2023\/03\/Pote-sobre-nos-278x300.png 278w\" sizes=\"(max-width: 654px) 100vw, 654px\" \/>\t\t\t\t\t\t\t\t\t\t\t\t\t\t\t<\/div>\n\t\t\t\t<\/div>\n\t\t\t\t\t<\/div>\n\t\t<\/div>\n\t\t\t\t\t<\/div>\n\t\t<\/section>\n\t\t\t\t<section class=\"elementor-section elementor-top-section elementor-element elementor-element-6fd4ba31 elementor-section-content-middle elementor-section-boxed elementor-section-height-default elementor-section-height-default\" data-id=\"6fd4ba31\" data-element_type=\"section\" data-settings=\"{&quot;background_background&quot;:&quot;classic&quot;}\">\n\t\t\t\t\t\t\t<div class=\"elementor-background-overlay\"><\/div>\n\t\t\t\t\t\t\t<div class=\"elementor-container elementor-column-gap-extended\">\n\t\t\t\t\t<div class=\"elementor-column elementor-col-33 elementor-top-column elementor-element elementor-element-17c4ca0\" data-id=\"17c4ca0\" data-element_type=\"column\">\n\t\t\t<div class=\"elementor-widget-wrap elementor-element-populated\">\n\t\t\t\t\t\t<div class=\"elementor-element elementor-element-7588f18f elementor-widget elementor-widget-text-editor\" data-id=\"7588f18f\" data-element_type=\"widget\" data-widget_type=\"text-editor.default\">\n\t\t\t\t<div class=\"elementor-widget-container\">\n\t\t\t\t\t\t\t\t\t<p><span style=\"text-decoration: underline;\"><span style=\"color: #ffffff;\"><a style=\"color: #ffffff;\" href=\"http:\/\/belleskin.com.br\"><b>Voltar ao site<\/b><\/a><\/span><\/span><\/p>\t\t\t\t\t\t\t\t<\/div>\n\t\t\t\t<\/div>\n\t\t\t\t\t<\/div>\n\t\t<\/div>\n\t\t\t\t<div class=\"elementor-column elementor-col-33 elementor-top-column elementor-element elementor-element-6c4f5143\" data-id=\"6c4f5143\" data-element_type=\"column\">\n\t\t\t<div class=\"elementor-widget-wrap elementor-element-populated\">\n\t\t\t\t\t\t<div class=\"elementor-element elementor-element-7c6f8dea elementor-widget elementor-widget-text-editor\" data-id=\"7c6f8dea\" data-element_type=\"widget\" data-widget_type=\"text-editor.default\">\n\t\t\t\t<div class=\"elementor-widget-container\">\n\t\t\t\t\t\t\t\t\t<p><b><span style=\"vertical-align: inherit;\"><span style=\"vertical-align: inherit;\">SAC<\/span><\/span><\/b><\/p><p><span style=\"vertical-align: inherit;\"><span style=\"vertical-align: inherit;\">sac@brandspharma.com.br<\/span><\/span><\/p><p><span style=\"vertical-align: inherit;\"><span style=\"vertical-align: inherit;\">0800 147 6000<\/span><\/span><\/p>\t\t\t\t\t\t\t\t<\/div>\n\t\t\t\t<\/div>\n\t\t\t\t<div class=\"elementor-element elementor-element-9b27677 elementor-widget elementor-widget-text-editor\" data-id=\"9b27677\" data-element_type=\"widget\" data-widget_type=\"text-editor.default\">\n\t\t\t\t<div class=\"elementor-widget-container\">\n\t\t\t\t\t\t\t\t\t<p><b>Horario de funcionamento<\/b><\/p><p>Segunda a Sexta das 08:00 \u00e0s 18:00<\/p>\t\t\t\t\t\t\t\t<\/div>\n\t\t\t\t<\/div>\n\t\t\t\t<div class=\"elementor-element elementor-element-6d24d29c elementor-widget elementor-widget-spacer\" data-id=\"6d24d29c\" data-element_type=\"widget\" data-widget_type=\"spacer.default\">\n\t\t\t\t<div class=\"elementor-widget-container\">\n\t\t\t\t\t\t\t<div class=\"elementor-spacer\">\n\t\t\t<div class=\"elementor-spacer-inner\"><\/div>\n\t\t<\/div>\n\t\t\t\t\t\t<\/div>\n\t\t\t\t<\/div>\n\t\t\t\t\t<\/div>\n\t\t<\/div>\n\t\t\t\t<div class=\"elementor-column elementor-col-33 elementor-top-column elementor-element elementor-element-2c8abd46\" data-id=\"2c8abd46\" data-element_type=\"column\">\n\t\t\t<div class=\"elementor-widget-wrap elementor-element-populated\">\n\t\t\t\t\t\t<div class=\"elementor-element elementor-element-52eb4c1e elementor-widget elementor-widget-image\" data-id=\"52eb4c1e\" data-element_type=\"widget\" data-widget_type=\"image.default\">\n\t\t\t\t<div class=\"elementor-widget-container\">\n\t\t\t\t\t\t\t\t\t\t\t\t\t\t\t<img decoding=\"async\" width=\"423\" height=\"118\" src=\"https:\/\/belleskin.com.br\/wp-content\/uploads\/2023\/03\/Selos-brancos.png\" class=\"attachment-large size-large wp-image-748\" alt=\"\" srcset=\"https:\/\/belleskin.com.br\/wp-content\/uploads\/2023\/03\/Selos-brancos.png 423w, https:\/\/belleskin.com.br\/wp-content\/uploads\/2023\/03\/Selos-brancos-300x84.png 300w\" sizes=\"(max-width: 423px) 100vw, 423px\" \/>\t\t\t\t\t\t\t\t\t\t\t\t\t\t\t<\/div>\n\t\t\t\t<\/div>\n\t\t\t\t<div class=\"elementor-element elementor-element-136034a2 e-grid-align-right e-grid-align-mobile-center e-grid-align-tablet-left elementor-shape-rounded elementor-grid-0 elementor-widget elementor-widget-social-icons\" data-id=\"136034a2\" data-element_type=\"widget\" data-widget_type=\"social-icons.default\">\n\t\t\t\t<div class=\"elementor-widget-container\">\n\t\t\t\t\t\t\t<div class=\"elementor-social-icons-wrapper elementor-grid\">\n\t\t\t\t\t\t\t<span class=\"elementor-grid-item\">\n\t\t\t\t\t<a class=\"elementor-icon elementor-social-icon elementor-social-icon-whatsapp elementor-animation-shrink elementor-repeater-item-2587fab\" target=\"_blank\">\n\t\t\t\t\t\t<span class=\"elementor-screen-only\">Whatsapp<\/span>\n\t\t\t\t\t\t<i class=\"fab fa-whatsapp\"><\/i>\t\t\t\t\t<\/a>\n\t\t\t\t<\/span>\n\t\t\t\t\t\t\t<span class=\"elementor-grid-item\">\n\t\t\t\t\t<a class=\"elementor-icon elementor-social-icon elementor-social-icon-instagram elementor-animation-shrink elementor-repeater-item-24da18a\" href=\"https:\/\/www.instagram.com\/oficial.labelledejour\/\" target=\"_blank\">\n\t\t\t\t\t\t<span class=\"elementor-screen-only\">Instagram<\/span>\n\t\t\t\t\t\t<i class=\"fab fa-instagram\"><\/i>\t\t\t\t\t<\/a>\n\t\t\t\t<\/span>\n\t\t\t\t\t\t\t<span class=\"elementor-grid-item\">\n\t\t\t\t\t<a class=\"elementor-icon elementor-social-icon elementor-social-icon-facebook elementor-animation-shrink elementor-repeater-item-fb21e6a\" href=\"https:\/\/www.facebook.com\/profile.php?id=100089823859168\" target=\"_blank\">\n\t\t\t\t\t\t<span class=\"elementor-screen-only\">Facebook<\/span>\n\t\t\t\t\t\t<i class=\"fab fa-facebook\"><\/i>\t\t\t\t\t<\/a>\n\t\t\t\t<\/span>\n\t\t\t\t\t\t\t<span class=\"elementor-grid-item\">\n\t\t\t\t\t<a class=\"elementor-icon elementor-social-icon elementor-social-icon-tiktok elementor-animation-shrink elementor-repeater-item-6c65ae8\" href=\"https:\/\/www.tiktok.com\/@labelledejour.oficial\" target=\"_blank\">\n\t\t\t\t\t\t<span class=\"elementor-screen-only\">Tiktok<\/span>\n\t\t\t\t\t\t<i class=\"fab fa-tiktok\"><\/i>\t\t\t\t\t<\/a>\n\t\t\t\t<\/span>\n\t\t\t\t\t<\/div>\n\t\t\t\t\t\t<\/div>\n\t\t\t\t<\/div>\n\t\t\t\t\t<\/div>\n\t\t<\/div>\n\t\t\t\t\t<\/div>\n\t\t<\/section>\n\t\t\t\t<\/div>\n\t\t","protected":false},"excerpt":{"rendered":"<p>TERMOS DE USO Esta p\u00e1gina de vendas \u00e9 oferecida ao usu\u00e1rio, condicionado \u00e0 aceita\u00e7\u00e3o dos termos, condi\u00e7\u00f5es e avisos contidos aqui e sem modifica\u00e7\u00f5es. O respons\u00e1vel pela mesma poder\u00e1 modificar o conte\u00fado ou formato deste ou acabar com a sua opera\u00e7\u00e3o ou suas ferramentas a seu crit\u00e9rio \u00fanico e sem aviso pr\u00e9vio. Os links apontados [&hellip;]<\/p>\n","protected":false},"author":1,"featured_media":0,"parent":0,"menu_order":0,"comment_status":"closed","ping_status":"closed","template":"elementor_canvas","meta":{"footnotes":""},"yoast_head":"<!-- This site is optimized with the Yoast SEO plugin v23.3 - https:\/\/yoast.com\/wordpress\/plugins\/seo\/ -->\n<title>Termos e condi\u00e7\u00f5es - Belle Skin Care<\/title>\n<meta name=\"robots\" content=\"index, follow, max-snippet:-1, max-image-preview:large, max-video-preview:-1\" \/>\n<link rel=\"canonical\" href=\"https:\/\/belleskin.com.br\/index.php\/termos-e-condicoes\/\" \/>\n<meta property=\"og:locale\" content=\"pt_BR\" \/>\n<meta property=\"og:type\" content=\"article\" \/>\n<meta property=\"og:title\" content=\"Termos e condi\u00e7\u00f5es - Belle Skin Care\" \/>\n<meta property=\"og:description\" content=\"TERMOS DE USO Esta p\u00e1gina de vendas \u00e9 oferecida ao usu\u00e1rio, condicionado \u00e0 aceita\u00e7\u00e3o dos termos, condi\u00e7\u00f5es e avisos contidos aqui e sem modifica\u00e7\u00f5es. O respons\u00e1vel pela mesma poder\u00e1 modificar o conte\u00fado ou formato deste ou acabar com a sua opera\u00e7\u00e3o ou suas ferramentas a seu crit\u00e9rio \u00fanico e sem aviso pr\u00e9vio. Os links apontados [&hellip;]\" \/>\n<meta property=\"og:url\" content=\"https:\/\/belleskin.com.br\/index.php\/termos-e-condicoes\/\" \/>\n<meta property=\"og:site_name\" content=\"Belle Skin Care\" \/>\n<meta property=\"article:modified_time\" content=\"2023-04-03T15:03:17+00:00\" \/>\n<meta property=\"og:image\" content=\"https:\/\/belleskin.com.br\/wp-content\/uploads\/2023\/03\/logo-belle-skin-branca.png\" \/>\n<meta name=\"twitter:card\" content=\"summary_large_image\" \/>\n<meta name=\"twitter:label1\" content=\"Est. tempo de leitura\" \/>\n\t<meta name=\"twitter:data1\" content=\"4 minutos\" \/>\n<script type=\"application\/ld+json\" class=\"yoast-schema-graph\">{\"@context\":\"https:\/\/schema.org\",\"@graph\":[{\"@type\":\"WebPage\",\"@id\":\"https:\/\/belleskin.com.br\/index.php\/termos-e-condicoes\/\",\"url\":\"https:\/\/belleskin.com.br\/index.php\/termos-e-condicoes\/\",\"name\":\"Termos e condi\u00e7\u00f5es - Belle Skin Care\",\"isPartOf\":{\"@id\":\"https:\/\/belleskin.com.br\/#website\"},\"primaryImageOfPage\":{\"@id\":\"https:\/\/belleskin.com.br\/index.php\/termos-e-condicoes\/#primaryimage\"},\"image\":{\"@id\":\"https:\/\/belleskin.com.br\/index.php\/termos-e-condicoes\/#primaryimage\"},\"thumbnailUrl\":\"https:\/\/belleskin.com.br\/wp-content\/uploads\/2023\/03\/logo-belle-skin-branca.png\",\"datePublished\":\"2023-03-29T10:46:27+00:00\",\"dateModified\":\"2023-04-03T15:03:17+00:00\",\"breadcrumb\":{\"@id\":\"https:\/\/belleskin.com.br\/index.php\/termos-e-condicoes\/#breadcrumb\"},\"inLanguage\":\"pt-BR\",\"potentialAction\":[{\"@type\":\"ReadAction\",\"target\":[\"https:\/\/belleskin.com.br\/index.php\/termos-e-condicoes\/\"]}]},{\"@type\":\"ImageObject\",\"inLanguage\":\"pt-BR\",\"@id\":\"https:\/\/belleskin.com.br\/index.php\/termos-e-condicoes\/#primaryimage\",\"url\":\"https:\/\/belleskin.com.br\/wp-content\/uploads\/2023\/03\/logo-belle-skin-branca.png\",\"contentUrl\":\"https:\/\/belleskin.com.br\/wp-content\/uploads\/2023\/03\/logo-belle-skin-branca.png\",\"width\":149,\"height\":70},{\"@type\":\"BreadcrumbList\",\"@id\":\"https:\/\/belleskin.com.br\/index.php\/termos-e-condicoes\/#breadcrumb\",\"itemListElement\":[{\"@type\":\"ListItem\",\"position\":1,\"name\":\"In\u00edcio\",\"item\":\"https:\/\/belleskin.com.br\/\"},{\"@type\":\"ListItem\",\"position\":2,\"name\":\"Termos e condi\u00e7\u00f5es\"}]},{\"@type\":\"WebSite\",\"@id\":\"https:\/\/belleskin.com.br\/#website\",\"url\":\"https:\/\/belleskin.com.br\/\",\"name\":\"Belle Skin Care\",\"description\":\"\",\"potentialAction\":[{\"@type\":\"SearchAction\",\"target\":{\"@type\":\"EntryPoint\",\"urlTemplate\":\"https:\/\/belleskin.com.br\/?s={search_term_string}\"},\"query-input\":\"required name=search_term_string\"}],\"inLanguage\":\"pt-BR\"}]}<\/script>\n<!-- \/ Yoast SEO plugin. -->","yoast_head_json":{"title":"Termos e condi\u00e7\u00f5es - Belle Skin Care","robots":{"index":"index","follow":"follow","max-snippet":"max-snippet:-1","max-image-preview":"max-image-preview:large","max-video-preview":"max-video-preview:-1"},"canonical":"https:\/\/belleskin.com.br\/index.php\/termos-e-condicoes\/","og_locale":"pt_BR","og_type":"article","og_title":"Termos e condi\u00e7\u00f5es - Belle Skin Care","og_description":"TERMOS DE USO Esta p\u00e1gina de vendas \u00e9 oferecida ao usu\u00e1rio, condicionado \u00e0 aceita\u00e7\u00e3o dos termos, condi\u00e7\u00f5es e avisos contidos aqui e sem modifica\u00e7\u00f5es. O respons\u00e1vel pela mesma poder\u00e1 modificar o conte\u00fado ou formato deste ou acabar com a sua opera\u00e7\u00e3o ou suas ferramentas a seu crit\u00e9rio \u00fanico e sem aviso pr\u00e9vio. Os links apontados [&hellip;]","og_url":"https:\/\/belleskin.com.br\/index.php\/termos-e-condicoes\/","og_site_name":"Belle Skin Care","article_modified_time":"2023-04-03T15:03:17+00:00","og_image":[{"url":"https:\/\/belleskin.com.br\/wp-content\/uploads\/2023\/03\/logo-belle-skin-branca.png"}],"twitter_card":"summary_large_image","twitter_misc":{"Est. tempo de leitura":"4 minutos"},"schema":{"@context":"https:\/\/schema.org","@graph":[{"@type":"WebPage","@id":"https:\/\/belleskin.com.br\/index.php\/termos-e-condicoes\/","url":"https:\/\/belleskin.com.br\/index.php\/termos-e-condicoes\/","name":"Termos e condi\u00e7\u00f5es - Belle Skin Care","isPartOf":{"@id":"https:\/\/belleskin.com.br\/#website"},"primaryImageOfPage":{"@id":"https:\/\/belleskin.com.br\/index.php\/termos-e-condicoes\/#primaryimage"},"image":{"@id":"https:\/\/belleskin.com.br\/index.php\/termos-e-condicoes\/#primaryimage"},"thumbnailUrl":"https:\/\/belleskin.com.br\/wp-content\/uploads\/2023\/03\/logo-belle-skin-branca.png","datePublished":"2023-03-29T10:46:27+00:00","dateModified":"2023-04-03T15:03:17+00:00","breadcrumb":{"@id":"https:\/\/belleskin.com.br\/index.php\/termos-e-condicoes\/#breadcrumb"},"inLanguage":"pt-BR","potentialAction":[{"@type":"ReadAction","target":["https:\/\/belleskin.com.br\/index.php\/termos-e-condicoes\/"]}]},{"@type":"ImageObject","inLanguage":"pt-BR","@id":"https:\/\/belleskin.com.br\/index.php\/termos-e-condicoes\/#primaryimage","url":"https:\/\/belleskin.com.br\/wp-content\/uploads\/2023\/03\/logo-belle-skin-branca.png","contentUrl":"https:\/\/belleskin.com.br\/wp-content\/uploads\/2023\/03\/logo-belle-skin-branca.png","width":149,"height":70},{"@type":"BreadcrumbList","@id":"https:\/\/belleskin.com.br\/index.php\/termos-e-condicoes\/#breadcrumb","itemListElement":[{"@type":"ListItem","position":1,"name":"In\u00edcio","item":"https:\/\/belleskin.com.br\/"},{"@type":"ListItem","position":2,"name":"Termos e condi\u00e7\u00f5es"}]},{"@type":"WebSite","@id":"https:\/\/belleskin.com.br\/#website","url":"https:\/\/belleskin.com.br\/","name":"Belle Skin Care","description":"","potentialAction":[{"@type":"SearchAction","target":{"@type":"EntryPoint","urlTemplate":"https:\/\/belleskin.com.br\/?s={search_term_string}"},"query-input":"required name=search_term_string"}],"inLanguage":"pt-BR"}]}},"_links":{"self":[{"href":"https:\/\/belleskin.com.br\/index.php\/wp-json\/wp\/v2\/pages\/1029"}],"collection":[{"href":"https:\/\/belleskin.com.br\/index.php\/wp-json\/wp\/v2\/pages"}],"about":[{"href":"https:\/\/belleskin.com.br\/index.php\/wp-json\/wp\/v2\/types\/page"}],"author":[{"embeddable":true,"href":"https:\/\/belleskin.com.br\/index.php\/wp-json\/wp\/v2\/users\/1"}],"replies":[{"embeddable":true,"href":"https:\/\/belleskin.com.br\/index.php\/wp-json\/wp\/v2\/comments?post=1029"}],"version-history":[{"count":11,"href":"https:\/\/belleskin.com.br\/index.php\/wp-json\/wp\/v2\/pages\/1029\/revisions"}],"predecessor-version":[{"id":1144,"href":"https:\/\/belleskin.com.br\/index.php\/wp-json\/wp\/v2\/pages\/1029\/revisions\/1144"}],"wp:attachment":[{"href":"https:\/\/belleskin.com.br\/index.php\/wp-json\/wp\/v2\/media?parent=1029"}],"curies":[{"name":"wp","href":"https:\/\/api.w.org\/{rel}","templated":true}]}}