{"id":1023,"date":"2023-03-29T07:45:39","date_gmt":"2023-03-29T10:45:39","guid":{"rendered":"https:\/\/belleskin.com.br\/?page_id=1023"},"modified":"2023-03-29T11:45:26","modified_gmt":"2023-03-29T14:45:26","slug":"aviso-legal","status":"publish","type":"page","link":"https:\/\/belleskin.com.br\/index.php\/aviso-legal\/","title":{"rendered":"Aviso legal"},"content":{"rendered":"\t\t<div data-elementor-type=\"wp-page\" data-elementor-id=\"1023\" class=\"elementor elementor-1023\">\n\t\t\t\t\t\t<section class=\"elementor-section elementor-top-section elementor-element elementor-element-5e39e249 elementor-section-content-middle envato-kit-141-top-0 elementor-section-boxed elementor-section-height-default elementor-section-height-default\" data-id=\"5e39e249\" data-element_type=\"section\" data-settings=\"{&quot;background_background&quot;:&quot;classic&quot;}\">\n\t\t\t\t\t\t<div class=\"elementor-container elementor-column-gap-default\">\n\t\t\t\t\t<div class=\"elementor-column elementor-col-33 elementor-top-column elementor-element elementor-element-1d8d693d\" data-id=\"1d8d693d\" data-element_type=\"column\">\n\t\t\t<div class=\"elementor-widget-wrap elementor-element-populated\">\n\t\t\t\t\t\t<div class=\"elementor-element elementor-element-eaf38eb elementor-widget elementor-widget-image\" data-id=\"eaf38eb\" data-element_type=\"widget\" data-widget_type=\"image.default\">\n\t\t\t\t<div class=\"elementor-widget-container\">\n\t\t\t\t\t\t\t\t\t\t\t\t\t\t\t<img decoding=\"async\" width=\"149\" height=\"70\" src=\"https:\/\/belleskin.com.br\/wp-content\/uploads\/2023\/03\/logo-belle-skin-branca.png\" class=\"attachment-large size-large wp-image-1036\" alt=\"\" \/>\t\t\t\t\t\t\t\t\t\t\t\t\t\t\t<\/div>\n\t\t\t\t<\/div>\n\t\t\t\t\t<\/div>\n\t\t<\/div>\n\t\t\t\t<div class=\"elementor-column elementor-col-33 elementor-top-column elementor-element elementor-element-5c43adec\" data-id=\"5c43adec\" data-element_type=\"column\">\n\t\t\t<div class=\"elementor-widget-wrap\">\n\t\t\t\t\t\t\t<\/div>\n\t\t<\/div>\n\t\t\t\t<div class=\"elementor-column elementor-col-33 elementor-top-column elementor-element elementor-element-3d8a383c\" data-id=\"3d8a383c\" data-element_type=\"column\">\n\t\t\t<div class=\"elementor-widget-wrap elementor-element-populated\">\n\t\t\t\t\t\t<section class=\"elementor-section elementor-inner-section elementor-element elementor-element-31f82051 elementor-section-boxed elementor-section-height-default elementor-section-height-default\" data-id=\"31f82051\" data-element_type=\"section\">\n\t\t\t\t\t\t<div class=\"elementor-container elementor-column-gap-no\">\n\t\t\t\t\t<div class=\"elementor-column elementor-col-50 elementor-inner-column elementor-element elementor-element-240f3d4f\" data-id=\"240f3d4f\" data-element_type=\"column\">\n\t\t\t<div class=\"elementor-widget-wrap\">\n\t\t\t\t\t\t\t<\/div>\n\t\t<\/div>\n\t\t\t\t<div class=\"elementor-column elementor-col-50 elementor-inner-column elementor-element elementor-element-3cc6c7c9\" data-id=\"3cc6c7c9\" data-element_type=\"column\">\n\t\t\t<div class=\"elementor-widget-wrap\">\n\t\t\t\t\t\t\t<\/div>\n\t\t<\/div>\n\t\t\t\t\t<\/div>\n\t\t<\/section>\n\t\t\t\t\t<\/div>\n\t\t<\/div>\n\t\t\t\t\t<\/div>\n\t\t<\/section>\n\t\t\t\t<section class=\"elementor-section elementor-top-section elementor-element elementor-element-27db66e elementor-section-content-middle elementor-section-boxed elementor-section-height-default elementor-section-height-default\" data-id=\"27db66e\" data-element_type=\"section\">\n\t\t\t\t\t\t<div class=\"elementor-container elementor-column-gap-default\">\n\t\t\t\t\t<div class=\"elementor-column elementor-col-50 elementor-top-column elementor-element elementor-element-c63ad8e\" data-id=\"c63ad8e\" data-element_type=\"column\">\n\t\t\t<div class=\"elementor-widget-wrap elementor-element-populated\">\n\t\t\t\t\t\t<div class=\"elementor-element elementor-element-ad9aff5 elementor-widget elementor-widget-heading\" data-id=\"ad9aff5\" data-element_type=\"widget\" data-widget_type=\"heading.default\">\n\t\t\t\t<div class=\"elementor-widget-container\">\n\t\t\t\t\t<h2 class=\"elementor-heading-title elementor-size-default\">Aviso legal<\/h2>\t\t\t\t<\/div>\n\t\t\t\t<\/div>\n\t\t\t\t<div class=\"elementor-element elementor-element-45a170a elementor-widget elementor-widget-text-editor\" data-id=\"45a170a\" data-element_type=\"widget\" data-widget_type=\"text-editor.default\">\n\t\t\t\t<div class=\"elementor-widget-container\">\n\t\t\t\t\t\t\t\t\t<p>Os resultados deste produto podem variar de acordo com a pessoa. Todos os testemunhos, apesar de serem reais e gentilmente enviados por clientes, N\u00c3O representam resultados \u00fanicos, j\u00e1 que cada indiv\u00edduo \u00e9 diferente do outro. Jamais fa\u00e7a nenhuma mudan\u00e7a na alimenta\u00e7\u00e3o ou exerc\u00edcio f\u00edsico sem consultar seu m\u00e9dico ou profissional de sa\u00fade. Somente um profissional da \u00e1rea pode fazer uma avalia\u00e7\u00e3o detalhada e decidir se voc\u00ea est\u00e1 apto ou n\u00e3o \u00e0 essas altera\u00e7\u00f5es. Nenhuma informa\u00e7\u00e3o dessa p\u00e1gina substitui uma consulta com o m\u00e9dico ou nutricionista. Todos os conhecimentos, dicas e m\u00e9todos compartilhados nesta p\u00e1gina s\u00e3o de prop\u00f3sito meramente educativo e explicativo em rela\u00e7\u00e3o ao produto comercializado. Em caso de d\u00favida, envie um e-mail para <strong>comercial@brandspharma.com.br<\/strong> e entraremos em contato o mais breve poss\u00edvel.<\/p>\t\t\t\t\t\t\t\t<\/div>\n\t\t\t\t<\/div>\n\t\t\t\t\t<\/div>\n\t\t<\/div>\n\t\t\t\t<div class=\"elementor-column elementor-col-50 elementor-top-column elementor-element elementor-element-0e59d70\" data-id=\"0e59d70\" data-element_type=\"column\">\n\t\t\t<div class=\"elementor-widget-wrap elementor-element-populated\">\n\t\t\t\t\t\t<div class=\"elementor-element elementor-element-b75346b elementor-widget elementor-widget-image\" data-id=\"b75346b\" data-element_type=\"widget\" data-widget_type=\"image.default\">\n\t\t\t\t<div class=\"elementor-widget-container\">\n\t\t\t\t\t\t\t\t\t\t\t\t\t\t\t<img fetchpriority=\"high\" decoding=\"async\" width=\"654\" height=\"707\" src=\"https:\/\/belleskin.com.br\/wp-content\/uploads\/2023\/03\/Pote-sobre-nos.png\" class=\"attachment-large size-large wp-image-718\" alt=\"\" srcset=\"https:\/\/belleskin.com.br\/wp-content\/uploads\/2023\/03\/Pote-sobre-nos.png 654w, https:\/\/belleskin.com.br\/wp-content\/uploads\/2023\/03\/Pote-sobre-nos-278x300.png 278w\" sizes=\"(max-width: 654px) 100vw, 654px\" \/>\t\t\t\t\t\t\t\t\t\t\t\t\t\t\t<\/div>\n\t\t\t\t<\/div>\n\t\t\t\t\t<\/div>\n\t\t<\/div>\n\t\t\t\t\t<\/div>\n\t\t<\/section>\n\t\t\t\t<section class=\"elementor-section elementor-top-section elementor-element elementor-element-1a21a642 elementor-section-content-middle elementor-section-boxed elementor-section-height-default elementor-section-height-default\" data-id=\"1a21a642\" data-element_type=\"section\" data-settings=\"{&quot;background_background&quot;:&quot;classic&quot;}\">\n\t\t\t\t\t\t\t<div class=\"elementor-background-overlay\"><\/div>\n\t\t\t\t\t\t\t<div class=\"elementor-container elementor-column-gap-extended\">\n\t\t\t\t\t<div class=\"elementor-column elementor-col-33 elementor-top-column elementor-element elementor-element-1868a0d1\" data-id=\"1868a0d1\" data-element_type=\"column\">\n\t\t\t<div class=\"elementor-widget-wrap elementor-element-populated\">\n\t\t\t\t\t\t<div class=\"elementor-element elementor-element-6930b07f elementor-widget elementor-widget-text-editor\" data-id=\"6930b07f\" data-element_type=\"widget\" data-widget_type=\"text-editor.default\">\n\t\t\t\t<div class=\"elementor-widget-container\">\n\t\t\t\t\t\t\t\t\t<p><span style=\"text-decoration: underline;\"><strong><span style=\"color: #ffffff;\"><a style=\"color: #ffffff; text-decoration: underline;\" href=\"https:\/\/belleskin.com.br\/\">Voltar ao site<\/a><\/span><\/strong><\/span><\/p>\t\t\t\t\t\t\t\t<\/div>\n\t\t\t\t<\/div>\n\t\t\t\t\t<\/div>\n\t\t<\/div>\n\t\t\t\t<div class=\"elementor-column elementor-col-33 elementor-top-column elementor-element elementor-element-368019ea\" data-id=\"368019ea\" data-element_type=\"column\">\n\t\t\t<div class=\"elementor-widget-wrap elementor-element-populated\">\n\t\t\t\t\t\t<div class=\"elementor-element elementor-element-1239210e elementor-widget elementor-widget-text-editor\" data-id=\"1239210e\" data-element_type=\"widget\" data-widget_type=\"text-editor.default\">\n\t\t\t\t<div class=\"elementor-widget-container\">\n\t\t\t\t\t\t\t\t\t<p><b><span style=\"vertical-align: inherit;\"><span style=\"vertical-align: inherit;\">SAC<\/span><\/span><\/b><\/p><p><span style=\"vertical-align: inherit;\"><span style=\"vertical-align: inherit;\">sac@brandspharma.com.br<\/span><\/span><\/p><p><span style=\"vertical-align: inherit;\"><span style=\"vertical-align: inherit;\">0800 147 6000<\/span><\/span><\/p>\t\t\t\t\t\t\t\t<\/div>\n\t\t\t\t<\/div>\n\t\t\t\t<div class=\"elementor-element elementor-element-6dda906c elementor-widget elementor-widget-text-editor\" data-id=\"6dda906c\" data-element_type=\"widget\" data-widget_type=\"text-editor.default\">\n\t\t\t\t<div class=\"elementor-widget-container\">\n\t\t\t\t\t\t\t\t\t<p><b>Horario de funcionamento<\/b><\/p><p>Segunda a Sexta das 08:00 \u00e0s 18:00<\/p>\t\t\t\t\t\t\t\t<\/div>\n\t\t\t\t<\/div>\n\t\t\t\t<div class=\"elementor-element elementor-element-606fa0fe elementor-widget elementor-widget-spacer\" data-id=\"606fa0fe\" data-element_type=\"widget\" data-widget_type=\"spacer.default\">\n\t\t\t\t<div class=\"elementor-widget-container\">\n\t\t\t\t\t\t\t<div class=\"elementor-spacer\">\n\t\t\t<div class=\"elementor-spacer-inner\"><\/div>\n\t\t<\/div>\n\t\t\t\t\t\t<\/div>\n\t\t\t\t<\/div>\n\t\t\t\t\t<\/div>\n\t\t<\/div>\n\t\t\t\t<div class=\"elementor-column elementor-col-33 elementor-top-column elementor-element elementor-element-3741557a\" data-id=\"3741557a\" data-element_type=\"column\">\n\t\t\t<div class=\"elementor-widget-wrap elementor-element-populated\">\n\t\t\t\t\t\t<div class=\"elementor-element elementor-element-4dfd48f3 elementor-widget elementor-widget-image\" data-id=\"4dfd48f3\" data-element_type=\"widget\" data-widget_type=\"image.default\">\n\t\t\t\t<div class=\"elementor-widget-container\">\n\t\t\t\t\t\t\t\t\t\t\t\t\t\t\t<img decoding=\"async\" width=\"423\" height=\"118\" src=\"https:\/\/belleskin.com.br\/wp-content\/uploads\/2023\/03\/Selos-brancos.png\" class=\"attachment-large size-large wp-image-748\" alt=\"\" srcset=\"https:\/\/belleskin.com.br\/wp-content\/uploads\/2023\/03\/Selos-brancos.png 423w, https:\/\/belleskin.com.br\/wp-content\/uploads\/2023\/03\/Selos-brancos-300x84.png 300w\" sizes=\"(max-width: 423px) 100vw, 423px\" \/>\t\t\t\t\t\t\t\t\t\t\t\t\t\t\t<\/div>\n\t\t\t\t<\/div>\n\t\t\t\t<div class=\"elementor-element elementor-element-3d50b83d e-grid-align-right e-grid-align-mobile-center e-grid-align-tablet-left elementor-shape-rounded elementor-grid-0 elementor-widget elementor-widget-social-icons\" data-id=\"3d50b83d\" data-element_type=\"widget\" data-widget_type=\"social-icons.default\">\n\t\t\t\t<div class=\"elementor-widget-container\">\n\t\t\t\t\t\t\t<div class=\"elementor-social-icons-wrapper elementor-grid\">\n\t\t\t\t\t\t\t<span class=\"elementor-grid-item\">\n\t\t\t\t\t<a class=\"elementor-icon elementor-social-icon elementor-social-icon-whatsapp elementor-animation-shrink elementor-repeater-item-2587fab\" target=\"_blank\">\n\t\t\t\t\t\t<span class=\"elementor-screen-only\">Whatsapp<\/span>\n\t\t\t\t\t\t<i class=\"fab fa-whatsapp\"><\/i>\t\t\t\t\t<\/a>\n\t\t\t\t<\/span>\n\t\t\t\t\t\t\t<span class=\"elementor-grid-item\">\n\t\t\t\t\t<a class=\"elementor-icon elementor-social-icon elementor-social-icon-instagram elementor-animation-shrink elementor-repeater-item-24da18a\" href=\"https:\/\/www.instagram.com\/oficial.labelledejour\/\" target=\"_blank\">\n\t\t\t\t\t\t<span class=\"elementor-screen-only\">Instagram<\/span>\n\t\t\t\t\t\t<i class=\"fab fa-instagram\"><\/i>\t\t\t\t\t<\/a>\n\t\t\t\t<\/span>\n\t\t\t\t\t\t\t<span class=\"elementor-grid-item\">\n\t\t\t\t\t<a class=\"elementor-icon elementor-social-icon elementor-social-icon-facebook elementor-animation-shrink elementor-repeater-item-fb21e6a\" href=\"https:\/\/www.facebook.com\/profile.php?id=100089823859168\" target=\"_blank\">\n\t\t\t\t\t\t<span class=\"elementor-screen-only\">Facebook<\/span>\n\t\t\t\t\t\t<i class=\"fab fa-facebook\"><\/i>\t\t\t\t\t<\/a>\n\t\t\t\t<\/span>\n\t\t\t\t\t\t\t<span class=\"elementor-grid-item\">\n\t\t\t\t\t<a class=\"elementor-icon elementor-social-icon elementor-social-icon-tiktok elementor-animation-shrink elementor-repeater-item-6c65ae8\" href=\"https:\/\/www.tiktok.com\/@labelledejour.oficial\" target=\"_blank\">\n\t\t\t\t\t\t<span class=\"elementor-screen-only\">Tiktok<\/span>\n\t\t\t\t\t\t<i class=\"fab fa-tiktok\"><\/i>\t\t\t\t\t<\/a>\n\t\t\t\t<\/span>\n\t\t\t\t\t<\/div>\n\t\t\t\t\t\t<\/div>\n\t\t\t\t<\/div>\n\t\t\t\t\t<\/div>\n\t\t<\/div>\n\t\t\t\t\t<\/div>\n\t\t<\/section>\n\t\t\t\t<\/div>\n\t\t","protected":false},"excerpt":{"rendered":"<p>Aviso legal Os resultados deste produto podem variar de acordo com a pessoa. Todos os testemunhos, apesar de serem reais e gentilmente enviados por clientes, N\u00c3O representam resultados \u00fanicos, j\u00e1 que cada indiv\u00edduo \u00e9 diferente do outro. Jamais fa\u00e7a nenhuma mudan\u00e7a na alimenta\u00e7\u00e3o ou exerc\u00edcio f\u00edsico sem consultar seu m\u00e9dico ou profissional de sa\u00fade. Somente [&hellip;]<\/p>\n","protected":false},"author":1,"featured_media":0,"parent":0,"menu_order":0,"comment_status":"closed","ping_status":"closed","template":"elementor_canvas","meta":{"footnotes":""},"yoast_head":"<!-- This site is optimized with the Yoast SEO plugin v23.3 - https:\/\/yoast.com\/wordpress\/plugins\/seo\/ -->\n<title>Aviso legal - Belle Skin Care<\/title>\n<meta name=\"robots\" content=\"index, follow, max-snippet:-1, max-image-preview:large, max-video-preview:-1\" \/>\n<link rel=\"canonical\" href=\"https:\/\/belleskin.com.br\/index.php\/aviso-legal\/\" \/>\n<meta property=\"og:locale\" content=\"pt_BR\" \/>\n<meta property=\"og:type\" content=\"article\" \/>\n<meta property=\"og:title\" content=\"Aviso legal - Belle Skin Care\" \/>\n<meta property=\"og:description\" content=\"Aviso legal Os resultados deste produto podem variar de acordo com a pessoa. Todos os testemunhos, apesar de serem reais e gentilmente enviados por clientes, N\u00c3O representam resultados \u00fanicos, j\u00e1 que cada indiv\u00edduo \u00e9 diferente do outro. Jamais fa\u00e7a nenhuma mudan\u00e7a na alimenta\u00e7\u00e3o ou exerc\u00edcio f\u00edsico sem consultar seu m\u00e9dico ou profissional de sa\u00fade. Somente [&hellip;]\" \/>\n<meta property=\"og:url\" content=\"https:\/\/belleskin.com.br\/index.php\/aviso-legal\/\" \/>\n<meta property=\"og:site_name\" content=\"Belle Skin Care\" \/>\n<meta property=\"article:modified_time\" content=\"2023-03-29T14:45:26+00:00\" \/>\n<meta property=\"og:image\" content=\"https:\/\/belleskin.com.br\/wp-content\/uploads\/2023\/03\/logo-belle-skin-branca.png\" \/>\n<meta name=\"twitter:card\" content=\"summary_large_image\" \/>\n<meta name=\"twitter:label1\" content=\"Est. tempo de leitura\" \/>\n\t<meta name=\"twitter:data1\" content=\"1 minuto\" \/>\n<script type=\"application\/ld+json\" class=\"yoast-schema-graph\">{\"@context\":\"https:\/\/schema.org\",\"@graph\":[{\"@type\":\"WebPage\",\"@id\":\"https:\/\/belleskin.com.br\/index.php\/aviso-legal\/\",\"url\":\"https:\/\/belleskin.com.br\/index.php\/aviso-legal\/\",\"name\":\"Aviso legal - Belle Skin Care\",\"isPartOf\":{\"@id\":\"https:\/\/belleskin.com.br\/#website\"},\"primaryImageOfPage\":{\"@id\":\"https:\/\/belleskin.com.br\/index.php\/aviso-legal\/#primaryimage\"},\"image\":{\"@id\":\"https:\/\/belleskin.com.br\/index.php\/aviso-legal\/#primaryimage\"},\"thumbnailUrl\":\"https:\/\/belleskin.com.br\/wp-content\/uploads\/2023\/03\/logo-belle-skin-branca.png\",\"datePublished\":\"2023-03-29T10:45:39+00:00\",\"dateModified\":\"2023-03-29T14:45:26+00:00\",\"breadcrumb\":{\"@id\":\"https:\/\/belleskin.com.br\/index.php\/aviso-legal\/#breadcrumb\"},\"inLanguage\":\"pt-BR\",\"potentialAction\":[{\"@type\":\"ReadAction\",\"target\":[\"https:\/\/belleskin.com.br\/index.php\/aviso-legal\/\"]}]},{\"@type\":\"ImageObject\",\"inLanguage\":\"pt-BR\",\"@id\":\"https:\/\/belleskin.com.br\/index.php\/aviso-legal\/#primaryimage\",\"url\":\"https:\/\/belleskin.com.br\/wp-content\/uploads\/2023\/03\/logo-belle-skin-branca.png\",\"contentUrl\":\"https:\/\/belleskin.com.br\/wp-content\/uploads\/2023\/03\/logo-belle-skin-branca.png\",\"width\":149,\"height\":70},{\"@type\":\"BreadcrumbList\",\"@id\":\"https:\/\/belleskin.com.br\/index.php\/aviso-legal\/#breadcrumb\",\"itemListElement\":[{\"@type\":\"ListItem\",\"position\":1,\"name\":\"In\u00edcio\",\"item\":\"https:\/\/belleskin.com.br\/\"},{\"@type\":\"ListItem\",\"position\":2,\"name\":\"Aviso legal\"}]},{\"@type\":\"WebSite\",\"@id\":\"https:\/\/belleskin.com.br\/#website\",\"url\":\"https:\/\/belleskin.com.br\/\",\"name\":\"Belle Skin Care\",\"description\":\"\",\"potentialAction\":[{\"@type\":\"SearchAction\",\"target\":{\"@type\":\"EntryPoint\",\"urlTemplate\":\"https:\/\/belleskin.com.br\/?s={search_term_string}\"},\"query-input\":\"required name=search_term_string\"}],\"inLanguage\":\"pt-BR\"}]}<\/script>\n<!-- \/ Yoast SEO plugin. -->","yoast_head_json":{"title":"Aviso legal - Belle Skin Care","robots":{"index":"index","follow":"follow","max-snippet":"max-snippet:-1","max-image-preview":"max-image-preview:large","max-video-preview":"max-video-preview:-1"},"canonical":"https:\/\/belleskin.com.br\/index.php\/aviso-legal\/","og_locale":"pt_BR","og_type":"article","og_title":"Aviso legal - Belle Skin Care","og_description":"Aviso legal Os resultados deste produto podem variar de acordo com a pessoa. Todos os testemunhos, apesar de serem reais e gentilmente enviados por clientes, N\u00c3O representam resultados \u00fanicos, j\u00e1 que cada indiv\u00edduo \u00e9 diferente do outro. Jamais fa\u00e7a nenhuma mudan\u00e7a na alimenta\u00e7\u00e3o ou exerc\u00edcio f\u00edsico sem consultar seu m\u00e9dico ou profissional de sa\u00fade. Somente [&hellip;]","og_url":"https:\/\/belleskin.com.br\/index.php\/aviso-legal\/","og_site_name":"Belle Skin Care","article_modified_time":"2023-03-29T14:45:26+00:00","og_image":[{"url":"https:\/\/belleskin.com.br\/wp-content\/uploads\/2023\/03\/logo-belle-skin-branca.png"}],"twitter_card":"summary_large_image","twitter_misc":{"Est. tempo de leitura":"1 minuto"},"schema":{"@context":"https:\/\/schema.org","@graph":[{"@type":"WebPage","@id":"https:\/\/belleskin.com.br\/index.php\/aviso-legal\/","url":"https:\/\/belleskin.com.br\/index.php\/aviso-legal\/","name":"Aviso legal - Belle Skin Care","isPartOf":{"@id":"https:\/\/belleskin.com.br\/#website"},"primaryImageOfPage":{"@id":"https:\/\/belleskin.com.br\/index.php\/aviso-legal\/#primaryimage"},"image":{"@id":"https:\/\/belleskin.com.br\/index.php\/aviso-legal\/#primaryimage"},"thumbnailUrl":"https:\/\/belleskin.com.br\/wp-content\/uploads\/2023\/03\/logo-belle-skin-branca.png","datePublished":"2023-03-29T10:45:39+00:00","dateModified":"2023-03-29T14:45:26+00:00","breadcrumb":{"@id":"https:\/\/belleskin.com.br\/index.php\/aviso-legal\/#breadcrumb"},"inLanguage":"pt-BR","potentialAction":[{"@type":"ReadAction","target":["https:\/\/belleskin.com.br\/index.php\/aviso-legal\/"]}]},{"@type":"ImageObject","inLanguage":"pt-BR","@id":"https:\/\/belleskin.com.br\/index.php\/aviso-legal\/#primaryimage","url":"https:\/\/belleskin.com.br\/wp-content\/uploads\/2023\/03\/logo-belle-skin-branca.png","contentUrl":"https:\/\/belleskin.com.br\/wp-content\/uploads\/2023\/03\/logo-belle-skin-branca.png","width":149,"height":70},{"@type":"BreadcrumbList","@id":"https:\/\/belleskin.com.br\/index.php\/aviso-legal\/#breadcrumb","itemListElement":[{"@type":"ListItem","position":1,"name":"In\u00edcio","item":"https:\/\/belleskin.com.br\/"},{"@type":"ListItem","position":2,"name":"Aviso legal"}]},{"@type":"WebSite","@id":"https:\/\/belleskin.com.br\/#website","url":"https:\/\/belleskin.com.br\/","name":"Belle Skin Care","description":"","potentialAction":[{"@type":"SearchAction","target":{"@type":"EntryPoint","urlTemplate":"https:\/\/belleskin.com.br\/?s={search_term_string}"},"query-input":"required name=search_term_string"}],"inLanguage":"pt-BR"}]}},"_links":{"self":[{"href":"https:\/\/belleskin.com.br\/index.php\/wp-json\/wp\/v2\/pages\/1023"}],"collection":[{"href":"https:\/\/belleskin.com.br\/index.php\/wp-json\/wp\/v2\/pages"}],"about":[{"href":"https:\/\/belleskin.com.br\/index.php\/wp-json\/wp\/v2\/types\/page"}],"author":[{"embeddable":true,"href":"https:\/\/belleskin.com.br\/index.php\/wp-json\/wp\/v2\/users\/1"}],"replies":[{"embeddable":true,"href":"https:\/\/belleskin.com.br\/index.php\/wp-json\/wp\/v2\/comments?post=1023"}],"version-history":[{"count":14,"href":"https:\/\/belleskin.com.br\/index.php\/wp-json\/wp\/v2\/pages\/1023\/revisions"}],"predecessor-version":[{"id":1139,"href":"https:\/\/belleskin.com.br\/index.php\/wp-json\/wp\/v2\/pages\/1023\/revisions\/1139"}],"wp:attachment":[{"href":"https:\/\/belleskin.com.br\/index.php\/wp-json\/wp\/v2\/media?parent=1023"}],"curies":[{"name":"wp","href":"https:\/\/api.w.org\/{rel}","templated":true}]}}